{"id":971,"date":"2022-05-25T11:52:45","date_gmt":"2022-05-25T11:52:45","guid":{"rendered":"https:\/\/shop.elisabethpfeiffer.de\/?post_type=product&#038;p=971"},"modified":"2022-05-25T12:09:05","modified_gmt":"2022-05-25T12:09:05","slug":"einfache-fingerstyle-etueden-easy-fingerstyle-etudes-vol-1-ebook-pdf-deutsch-english","status":"publish","type":"product","link":"https:\/\/shop.elisabethpfeiffer.de\/index.php\/product\/einfache-fingerstyle-etueden-easy-fingerstyle-etudes-vol-1-ebook-pdf-deutsch-english\/","title":{"rendered":"Einfache Fingerstyle Et\u00fcden \/ Easy Fingerstyle Etudes Vol. 1 &#8211; ebook (pdf) &#8211; Deutsch\/English"},"content":{"rendered":"<p><em><strong>English below<\/strong><\/em><\/p>\n<p><strong>Einfache Fingerstyle Et\u00fcden 1<\/strong><\/p>\n<p><em>10 Atmosph\u00e4rische St\u00fccke f\u00fcr Ukulele solo<\/em><\/p>\n<p>Die Repertoireb\u00fccher <em>Einfache Fingerstyle Et\u00fcden 1 <\/em>und<em> Einfache Fingerstyle Et\u00fcden 2 <\/em>versammeln je 10 leichte Instrumentalst\u00fccke f\u00fcr Ukulele solo. Sie k\u00f6nnen im Verband oder einzeln genutzt werden, denn die allgemeinen Anmerkungen und \u00dcbetipps zu Beginn sind jeweils identisch.<\/p>\n<p><em>Zwei ungew\u00f6hnliche Stimmungen<\/em><\/p>\n<p><em>Einfache Fingerstyle Et\u00fcden 1<\/em> enth\u00e4lt f\u00fcnf Et\u00fcden in G C# E A und weitere f\u00fcnf Et\u00fcden in F# B E A \u2013 Stimmung. Dadurch entstehen stimmungsvolle Klangwelten, ohne dass die spieltechnischen Anspr\u00fcche \u00fcber den Anf\u00e4ngerbereich hinausgehen.<\/p>\n<p><em>Zupfmuster und einfache Griffe<\/em><\/p>\n<p>Jeder Et\u00fcde liegt ein Zupfmuster f\u00fcr den Einstieg zugrunde, das mit einfachen Griffen kombiniert wird. Au\u00dferdem lernst du St\u00fccke mit einfachen Melodien kennen, die dein K\u00f6nnen an der Ukulele langsam und entspannt auf ein neues Level heben werden.<\/p>\n<p><em>Kostenlose Audiodateien zum Download und Anmerkungen<\/em><\/p>\n<p>Wie f\u00fcr alle B\u00fccher der \u201aPop &amp; Rock Reihe\u2018 gibt es auch hier kostenlose Audiodateien zum Download und Anmerkungen zu jedem St\u00fcck.<\/p>\n<p>&nbsp;<\/p>\n<p>EN<\/p>\n<p><strong>Easy Fingerstyle Etudes 1<\/strong><\/p>\n<p><em>10 Atmospheric Pieces for Ukulele Solo<\/em><\/p>\n<p>The repertoire books <em>Easy Fingerstyle Etudes 1 <\/em>and <em>Easy Fingerstyle Etudes 2 <\/em>collect 10 easy instrumentals for Ukulele solo each. You can use them as a bundle or individually because the sections on general advice and practice tips in the beginning are identical.<\/p>\n<p><em>Two unusual tunings<\/em><\/p>\n<p><em>Easy Fingerstyle Etudes 1 <\/em>contains five etudes in G C# E A and another five etudes in F#B E A. This creates unusual soundscapes without raising the technical challenges of the pieces above beginner\u2019s level.<\/p>\n<p><em>Picking Patterns and Easy Fretting<\/em><\/p>\n<p>Each etude is based on a basic picking pattern combined with elementary fretting situations. You\u2019ll also learn melodic pieces that will slowly expand your skills on the ukulele, while allowing you to stay relaxed.<\/p>\n<p><em>Free Audio Download and Practice Tips<\/em><\/p>\n<p>Like all books of the \u2018Pop &amp; Rock Series\u2019, this one also comes with a free audio download and performance and practice notes on every piece.<\/p>\n<p>&nbsp;<\/p>\n","protected":false},"excerpt":{"rendered":"<p>10 Einfache St\u00fccke f\u00fcr Ukulele solo.<\/p>\n<p><em>10 Easy Pieces for Ukulele solo.<\/em><\/p>\n","protected":false},"featured_media":972,"comment_status":"open","ping_status":"closed","template":"","meta":[],"product_brand":[],"product_cat":[92],"product_tag":[],"class_list":{"0":"post-971","1":"product","2":"type-product","3":"status-publish","4":"has-post-thumbnail","6":"product_cat-books-en-de","8":"first","9":"instock","10":"downloadable","11":"virtual","12":"purchasable","13":"product-type-simple"},"jetpack_sharing_enabled":true,"_links":{"self":[{"href":"https:\/\/shop.elisabethpfeiffer.de\/index.php\/wp-json\/wp\/v2\/product\/971","targetHints":{"allow":["GET"]}}],"collection":[{"href":"https:\/\/shop.elisabethpfeiffer.de\/index.php\/wp-json\/wp\/v2\/product"}],"about":[{"href":"https:\/\/shop.elisabethpfeiffer.de\/index.php\/wp-json\/wp\/v2\/types\/product"}],"replies":[{"embeddable":true,"href":"https:\/\/shop.elisabethpfeiffer.de\/index.php\/wp-json\/wp\/v2\/comments?post=971"}],"wp:featuredmedia":[{"embeddable":true,"href":"https:\/\/shop.elisabethpfeiffer.de\/index.php\/wp-json\/wp\/v2\/media\/972"}],"wp:attachment":[{"href":"https:\/\/shop.elisabethpfeiffer.de\/index.php\/wp-json\/wp\/v2\/media?parent=971"}],"wp:term":[{"taxonomy":"product_brand","embeddable":true,"href":"https:\/\/shop.elisabethpfeiffer.de\/index.php\/wp-json\/wp\/v2\/product_brand?post=971"},{"taxonomy":"product_cat","embeddable":true,"href":"https:\/\/shop.elisabethpfeiffer.de\/index.php\/wp-json\/wp\/v2\/product_cat?post=971"},{"taxonomy":"product_tag","embeddable":true,"href":"https:\/\/shop.elisabethpfeiffer.de\/index.php\/wp-json\/wp\/v2\/product_tag?post=971"}],"curies":[{"name":"wp","href":"https:\/\/api.w.org\/{rel}","templated":true}]}}