{"id":955,"date":"2022-04-08T18:23:05","date_gmt":"2022-04-08T18:23:05","guid":{"rendered":"https:\/\/shop.elisabethpfeiffer.de\/?post_type=product&#038;p=955"},"modified":"2024-07-16T06:20:13","modified_gmt":"2024-07-16T06:20:13","slug":"fingerstyle-etueden-fingerstyle-etudes-rhythmus-metrum-rhythm-metre-ebook-pdf-deutsch-english-kopie","status":"publish","type":"product","link":"https:\/\/shop.elisabethpfeiffer.de\/index.php\/en\/product\/fingerstyle-etueden-fingerstyle-etudes-rhythmus-metrum-rhythm-metre-ebook-pdf-deutsch-english-kopie\/","title":{"rendered":"Fingerstyle Et\u00fcden \/ Fingerstyle Etudes -Rhythmus &#038; Metrum\/Rhythm &#038; Metre- ebook (pdf) &#8211; Deutsch\/English"},"content":{"rendered":"<p><em><strong>English below<\/strong><\/em><\/p>\n<p><strong>Fingerstyle Et\u00fcden &#8211; Rhythmus &amp; Metrum<\/strong><\/p>\n<p>14 Fortgeschrittene Et\u00fcden f\u00fcr Ukulele solo<\/p>\n<p><em>Fingerstyle Et\u00fcden \u2013 Rhythmus &amp; Metrum<\/em> ist eine Sammlung von 14 Instrumentalst\u00fccken f\u00fcr fortgeschrittene Ukulelespieler. Verschiedene Zupfmuster bilden die Grundlage f\u00fcr atmosph\u00e4rische Musik f\u00fcr Ukulele solo.<\/p>\n<p>Polymetrische und Polyrhythmische Instrumentalst\u00fccke<\/p>\n<p>Lerne komplexe Rhythmen spielen, m\u00fchelos zwischen verschiedenen Taktarten zu wechseln und unterschiedliche Metren gegeneinander laufen zu lassen.<\/p>\n<p>Tipps und Anmerkungen zu jedem St\u00fcck<\/p>\n<p>Ausf\u00fchrliche Anmerkungen machen dich fit f\u00fcr die Arbeit mit dem Buch und zu jedem St\u00fcck gibt es detaillierte Griffbilder, sowie Anmerkungen und \u00dcbetipps.<\/p>\n<p>Kostenlose Audiodateien zum Herunterladen<\/p>\n<p>Wie immer gibt es alle St\u00fccke als kostenlose Audiodateien zum Herunterladen. Zus\u00e4tzlich findest du im Download auch eine kleine Ressourcensammlung zum Thema \u201aPolyrhythmik\u2018.<\/p>\n<p>&nbsp;<\/p>\n<p><strong>Fingerstyle Etudes &#8211; Rhythm &amp; Metre<\/strong><\/p>\n<p>&nbsp;<\/p>\n<p>14 Advanced Etudes for Ukulele solo<\/p>\n<p><em>Fingerstyle Etudes \u2013 Rhythm &amp; Metre <\/em>is a collection of 14 instrumentals for advanced ukulele players. Different picking patterns provide the base for atmospheric solo music for ukulele.<\/p>\n<p>Polymetric and Polyrhythmic Instrumentals<\/p>\n<p>Learn complex rhythms, how to switch easily between different time signatures and how to play different metres at the same time.<\/p>\n<p>Tips and Notes for Every Piece<\/p>\n<p>Extensive instructions set you up to successfully work with the book and there are detailed chord diagrams and notes for every piece.<\/p>\n<p>Free Audio Download<\/p>\n<p>As always, you\u2019ll get all pieces as a free audio download. And additionally, you\u2019ll find a short resource list on \u2018polyrhythm\u2019 in the download folder.<\/p>\n","protected":false},"excerpt":{"rendered":"<p>14 Fortgeschrittene Fingerstyle Et\u00fcden in verschiedenen Taktarten &amp; Polyrhythmen<\/p>\n<p><em>14 Advanced Fingerstyle Etudes feat. <\/em><em>Different Metres &amp; Polyrhythms<\/em><\/p>\n","protected":false},"featured_media":936,"comment_status":"open","ping_status":"closed","template":"","meta":[],"product_brand":[],"product_cat":[88],"product_tag":[],"class_list":{"0":"post-955","1":"product","2":"type-product","3":"status-publish","4":"has-post-thumbnail","6":"product_cat-books-en","8":"first","9":"instock","10":"downloadable","11":"virtual","12":"purchasable","13":"product-type-simple"},"jetpack_sharing_enabled":true,"_links":{"self":[{"href":"https:\/\/shop.elisabethpfeiffer.de\/index.php\/wp-json\/wp\/v2\/product\/955","targetHints":{"allow":["GET"]}}],"collection":[{"href":"https:\/\/shop.elisabethpfeiffer.de\/index.php\/wp-json\/wp\/v2\/product"}],"about":[{"href":"https:\/\/shop.elisabethpfeiffer.de\/index.php\/wp-json\/wp\/v2\/types\/product"}],"replies":[{"embeddable":true,"href":"https:\/\/shop.elisabethpfeiffer.de\/index.php\/wp-json\/wp\/v2\/comments?post=955"}],"wp:featuredmedia":[{"embeddable":true,"href":"https:\/\/shop.elisabethpfeiffer.de\/index.php\/wp-json\/wp\/v2\/media\/936"}],"wp:attachment":[{"href":"https:\/\/shop.elisabethpfeiffer.de\/index.php\/wp-json\/wp\/v2\/media?parent=955"}],"wp:term":[{"taxonomy":"product_brand","embeddable":true,"href":"https:\/\/shop.elisabethpfeiffer.de\/index.php\/wp-json\/wp\/v2\/product_brand?post=955"},{"taxonomy":"product_cat","embeddable":true,"href":"https:\/\/shop.elisabethpfeiffer.de\/index.php\/wp-json\/wp\/v2\/product_cat?post=955"},{"taxonomy":"product_tag","embeddable":true,"href":"https:\/\/shop.elisabethpfeiffer.de\/index.php\/wp-json\/wp\/v2\/product_tag?post=955"}],"curies":[{"name":"wp","href":"https:\/\/api.w.org\/{rel}","templated":true}]}}