{"id":730,"date":"2020-12-02T18:30:56","date_gmt":"2020-12-02T18:30:56","guid":{"rendered":"https:\/\/shop.elisabethpfeiffer.de\/?post_type=product&#038;p=730"},"modified":"2024-09-16T10:23:24","modified_gmt":"2024-09-16T10:23:24","slug":"renaissance-ukulele-adrien-le-roy-ebook-pdf-deutsch-english-kopie","status":"publish","type":"product","link":"https:\/\/shop.elisabethpfeiffer.de\/index.php\/product\/renaissance-ukulele-adrien-le-roy-ebook-pdf-deutsch-english-kopie\/","title":{"rendered":"Renaissance Ukulele: Adrien Le Roy &#8211; ebook (pdf) &#8211; Deutsch\/English"},"content":{"rendered":"<p><strong>ENGLISH<\/strong><\/p>\n<p><strong>17 Pieces for Ukulele solo<\/strong><\/p>\n<p>Renaissance Ukulele: Adrien Le Roy is a collection of 17 pieces by Adrien Le Roy. Originally composed for Renaissance Guitar and arranged for ukulele in standard tuning, these pieces provide performance and practice material for the advanced beginner, as well as the advanced player.<\/p>\n<p><strong>Extensive Instructions and Practice Tips for Every Piece<\/strong><\/p>\n<p>Each piece comes to you in a music &amp; tab version, as well as a tab-only and a music-only version (with fingerings). Additionally, you\u2019ll find helpful chord diagrams, notes and practice tips for every piece. At the beginning of the book you\u2019ll find information about Adrien Le Roy and his time, as well as important basics that will help you play and enjoy Renaissance music.<\/p>\n<p><strong>Free Audio Download<\/strong><\/p>\n<p>Free audio files will give you an idea of what sound and interpretation to aim for.<\/p>\n<p><strong>DEUTSCH<\/strong><\/p>\n<p><strong>17 St\u00fccke f\u00fcr Ukulele solo<\/strong><\/p>\n<p>Renaissance Ukulele: Adrien Le Roy versammelt 17 Musikst\u00fccke unterschiedlicher Schwierigkeitsgrade von Adrien Le Roy. Urspr\u00fcnglich f\u00fcr Renaissance Gitarre geschrieben, sind sie hier f\u00fcr Ukulele in Standardstimmung arrangiert.<\/p>\n<p><strong>Ausf\u00fchrliche Anleitungen und Anmerkungen zu jedem St\u00fcck<\/strong><\/p>\n<p>Jedes St\u00fcck findest du jeweils in einer Version als Noten &amp; Tabulatur, nur Tabulatur und nur Noten (mit Fingers\u00e4tzen). Au\u00dferdem gibt es zu jedem St\u00fcck Griffbilder, sowie Anmerkungen und \u00dcbetipps. Zu Beginn des Buches findest du Infos \u00fcber Adrien Le Roy und seine Zeit, sowie wichtige Grundlagen, die dir beim Spielen von Renaissance Musik helfen.<\/p>\n<p><strong>Kostenlose Audiodateien<\/strong><\/p>\n<p>Alle 17 St\u00fccke gibt es als kostenlose Audiodatei zum Download.<\/p>\n","protected":false},"excerpt":{"rendered":"<p><strong>17 Pieces for Ukulele solo<\/strong><\/p>\n<p><strong>17 St\u00fccke f\u00fcr Ukulele solo<\/strong><\/p>\n","protected":false},"featured_media":731,"comment_status":"open","ping_status":"closed","template":"","meta":[],"product_brand":[],"product_cat":[92],"product_tag":[],"class_list":{"0":"post-730","1":"product","2":"type-product","3":"status-publish","4":"has-post-thumbnail","6":"product_cat-books-en-de","8":"first","9":"instock","10":"downloadable","11":"virtual","12":"purchasable","13":"product-type-simple"},"jetpack_sharing_enabled":true,"_links":{"self":[{"href":"https:\/\/shop.elisabethpfeiffer.de\/index.php\/wp-json\/wp\/v2\/product\/730","targetHints":{"allow":["GET"]}}],"collection":[{"href":"https:\/\/shop.elisabethpfeiffer.de\/index.php\/wp-json\/wp\/v2\/product"}],"about":[{"href":"https:\/\/shop.elisabethpfeiffer.de\/index.php\/wp-json\/wp\/v2\/types\/product"}],"replies":[{"embeddable":true,"href":"https:\/\/shop.elisabethpfeiffer.de\/index.php\/wp-json\/wp\/v2\/comments?post=730"}],"wp:featuredmedia":[{"embeddable":true,"href":"https:\/\/shop.elisabethpfeiffer.de\/index.php\/wp-json\/wp\/v2\/media\/731"}],"wp:attachment":[{"href":"https:\/\/shop.elisabethpfeiffer.de\/index.php\/wp-json\/wp\/v2\/media?parent=730"}],"wp:term":[{"taxonomy":"product_brand","embeddable":true,"href":"https:\/\/shop.elisabethpfeiffer.de\/index.php\/wp-json\/wp\/v2\/product_brand?post=730"},{"taxonomy":"product_cat","embeddable":true,"href":"https:\/\/shop.elisabethpfeiffer.de\/index.php\/wp-json\/wp\/v2\/product_cat?post=730"},{"taxonomy":"product_tag","embeddable":true,"href":"https:\/\/shop.elisabethpfeiffer.de\/index.php\/wp-json\/wp\/v2\/product_tag?post=730"}],"curies":[{"name":"wp","href":"https:\/\/api.w.org\/{rel}","templated":true}]}}