{"id":55,"date":"2019-03-19T20:28:07","date_gmt":"2019-03-19T20:28:07","guid":{"rendered":"https:\/\/shop.elisabethpfeiffer.de\/?post_type=product&#038;p=55"},"modified":"2021-08-21T13:48:13","modified_gmt":"2021-08-21T13:48:13","slug":"schlagmuster-ebook-pdf","status":"publish","type":"product","link":"https:\/\/shop.elisabethpfeiffer.de\/index.php\/product\/schlagmuster-ebook-pdf\/","title":{"rendered":"Schlagmuster &#8211; ebook (pdf)"},"content":{"rendered":"<h2>Lerne alles \u00fcber die Ukulele!<\/h2>\n<p>Pop- und Rock-Ukulele gibt dir die M\u00f6glichkeit, Ukulele ohne Vorkenntnisse zu lernen, oder deine vorhandenen F\u00e4higkeiten auszubauen.<\/p>\n<p><b>F\u00e4ngst du ganz von vorne an? Oder willst du besser werden?<\/b><\/p>\n<p><em>Pop- und Rock-Ukulele: Schlagmuster<\/em> zeigt dir Grundlegende und Fortgeschrittene Schlagmuster im 4\/4, 3\/4 und 6\/8-Takt.<\/p>\n<p>Einfache Begleitakkorde erm\u00f6glichen dir, die gelernten Schlagmuster gleich auf bekannte Lieder anzuwenden. Au\u00dferdem gibt es einige leichte Solost\u00fccke mit denen du den Klang deiner Ukulele erforschen kannst.<\/p>\n<p><strong>\u00dcber 100 Audio-Beispiele zum kostenlosen Download und \u00fcber 50 Bilder zu verschiedenen Spieltechniken<\/strong><\/p>\n<p>Mit Audio-Beispielen kannst du die verschiedenen Schlagmuster schnell oder langsam erarbeiten. Au\u00dferdem lernst du, wie du deine eigenen Schlagmuster zusammenstellen kannst und erf\u00e4hrst viel \u00fcber Konzepte, die hinter den Mustern stehen. Auf allen Audio-Beispielen h\u00f6rst du Ukulele und Schlagzeug und kannst gleich mitspielen.<\/p>\n<p>\u00dcber 50 detaillierte Abbildungen helfen dir, verschiedene Techniken erfolgreich umzusetzen.<\/p>\n<p><strong>Sei dein eigenes Schlagzeug!<\/strong><\/p>\n<p>Neben grundlegenden Schlagtechniken lernst du auch, wie du verschiedene Percussion-Elemente in deine Schlagmuster einbauen kannst, machst einen kleinen Ausflug in die Welt des Flamenco und lernst, verschiedene Elemente zum passenden Schlagmuster zusammen zu stellen.<\/p>\n","protected":false},"excerpt":{"rendered":"<p>\u00dcber 100 kostenlose Audio-Beispiele zum H\u00f6ren und Mitspielen<\/p>\n<p>Grundlegende und Fortgeschrittene Schlagmuster im 4\/4, 3\/4 und 6\/8-Takt<\/p>\n<p>Leichte Griffe und Grundlegende Akkorde<\/p>\n<p>Tipps zum \u00dcbertragen der Schlagmuster auf bekannte Songs<\/p>\n","protected":false},"featured_media":56,"comment_status":"open","ping_status":"closed","template":"","meta":[],"product_brand":[],"product_cat":[92],"product_tag":[],"class_list":{"0":"post-55","1":"product","2":"type-product","3":"status-publish","4":"has-post-thumbnail","6":"product_cat-books-en-de","8":"first","9":"instock","10":"downloadable","11":"virtual","12":"purchasable","13":"product-type-simple"},"jetpack_sharing_enabled":true,"_links":{"self":[{"href":"https:\/\/shop.elisabethpfeiffer.de\/index.php\/wp-json\/wp\/v2\/product\/55","targetHints":{"allow":["GET"]}}],"collection":[{"href":"https:\/\/shop.elisabethpfeiffer.de\/index.php\/wp-json\/wp\/v2\/product"}],"about":[{"href":"https:\/\/shop.elisabethpfeiffer.de\/index.php\/wp-json\/wp\/v2\/types\/product"}],"replies":[{"embeddable":true,"href":"https:\/\/shop.elisabethpfeiffer.de\/index.php\/wp-json\/wp\/v2\/comments?post=55"}],"wp:featuredmedia":[{"embeddable":true,"href":"https:\/\/shop.elisabethpfeiffer.de\/index.php\/wp-json\/wp\/v2\/media\/56"}],"wp:attachment":[{"href":"https:\/\/shop.elisabethpfeiffer.de\/index.php\/wp-json\/wp\/v2\/media?parent=55"}],"wp:term":[{"taxonomy":"product_brand","embeddable":true,"href":"https:\/\/shop.elisabethpfeiffer.de\/index.php\/wp-json\/wp\/v2\/product_brand?post=55"},{"taxonomy":"product_cat","embeddable":true,"href":"https:\/\/shop.elisabethpfeiffer.de\/index.php\/wp-json\/wp\/v2\/product_cat?post=55"},{"taxonomy":"product_tag","embeddable":true,"href":"https:\/\/shop.elisabethpfeiffer.de\/index.php\/wp-json\/wp\/v2\/product_tag?post=55"}],"curies":[{"name":"wp","href":"https:\/\/api.w.org\/{rel}","templated":true}]}}