{"id":48,"date":"2019-02-17T12:33:01","date_gmt":"2019-02-17T12:33:01","guid":{"rendered":"https:\/\/shop.elisabethpfeiffer.de\/\/?post_type=product&#038;p=48"},"modified":"2021-08-21T13:47:20","modified_gmt":"2021-08-21T13:47:20","slug":"pop-und-rock-ukulele-zupfmuster-pdf","status":"publish","type":"product","link":"https:\/\/shop.elisabethpfeiffer.de\/index.php\/product\/pop-und-rock-ukulele-zupfmuster-pdf\/","title":{"rendered":"Zupfmuster &#8211; ebook (pdf)"},"content":{"rendered":"<p>Pop- und Rock-Ukulele gibt dir die M\u00f6glichkeit, Ukulele ohne Vorkenntnisse zu lernen, oder deine bestehenden F\u00e4higkeiten auszubauen.<\/p>\n<h5>F\u00e4ngst du ganz von vorne an? Oder willst du besser werden? Du bist hier richtig.<\/h5>\n<p>Pop- und Rock-Ukulele: Zupfmuster zeigt dir Grundlegende und Fortgeschrittene Zupfmuster zum Begleiten von Liedern und f\u00fcr Solost\u00fccke.Mit einfachen und fortgeschrittenen Griffen kannst du die Zupfmuster sofort anwenden und verbesserst deine Technik und dein K\u00f6nnen auf der Ukulele.<\/p>\n<h5>\u00dcber 150 Audio-Beispiele und 25 Videos zum kostenlosen Download und jede Menge Bilder zu verschiedenen Spieltechniken<\/h5>\n<p>Mit mehr als 150 kostenlosen Audio-Beispielen zum H\u00f6ren und Mitspielen kannst du die verschiedenen Zupfmuster schnell oder langsam erarbeiten. Auf den Audio-Beispielen h\u00f6rst du Ukulele und Schlagzeug und kannst gleich mitspielen. Au\u00dferdem gibt es von einigen St\u00fccken Solo-Versionen, in denen du h\u00f6rst, wie du die St\u00fccke ohne Schlagzeug spielen kannst. Die 25 Videos zeigen dir jede Technik im Detail. Lerne grundlegende Zupfmuster, Rock- und Blues-Zupfmuster, Fingerpicking und Zupfmuster im Brazilian Style. Au\u00dferdem lernst du, wie man Percussion-Elemente und Schlagmuster mit Zupfmustern kombinieren kann.<\/p>\n<h5>Anhang mit \u00dcbetipps, Technik-Kit und n\u00fctzliche Hilfsmittel<\/h5>\n<p>Im umfangreichen Anhang findest du n\u00fctzliche Tipps und Inspirationen zum \u00dcben, weiterf\u00fchrende Techniken und eine Sammlung praktischer Hilfsmittel f\u00fcr die Ukulele.<\/p>\n","protected":false},"excerpt":{"rendered":"<p class=\"p1\">\u00dcber 150 kostenlose Audio-Beispiele zum H\u00f6ren und Mitspielen<\/p>\n<p class=\"p1\">25 Videos mit allen Techniken und Zupfmustern<\/p>\n<p class=\"p1\">Grundlegende und Fortgeschrittene Zupfmuster zum Begleiten<\/p>\n<p class=\"p1\">Einfache und Fortgeschrittene Solos und interessante \u00dcbungen f\u00fcr Ukulele in GCEA<\/p>\n<p class=\"p1\">Griffbilder und Tabulaturen f\u00fcr alle Solos und \u00dcbungen<\/p>\n","protected":false},"featured_media":49,"comment_status":"open","ping_status":"closed","template":"","meta":[],"product_brand":[],"product_cat":[92],"product_tag":[],"class_list":{"0":"post-48","1":"product","2":"type-product","3":"status-publish","4":"has-post-thumbnail","6":"product_cat-books-en-de","8":"first","9":"instock","10":"downloadable","11":"virtual","12":"purchasable","13":"product-type-simple"},"jetpack_sharing_enabled":true,"_links":{"self":[{"href":"https:\/\/shop.elisabethpfeiffer.de\/index.php\/wp-json\/wp\/v2\/product\/48","targetHints":{"allow":["GET"]}}],"collection":[{"href":"https:\/\/shop.elisabethpfeiffer.de\/index.php\/wp-json\/wp\/v2\/product"}],"about":[{"href":"https:\/\/shop.elisabethpfeiffer.de\/index.php\/wp-json\/wp\/v2\/types\/product"}],"replies":[{"embeddable":true,"href":"https:\/\/shop.elisabethpfeiffer.de\/index.php\/wp-json\/wp\/v2\/comments?post=48"}],"wp:featuredmedia":[{"embeddable":true,"href":"https:\/\/shop.elisabethpfeiffer.de\/index.php\/wp-json\/wp\/v2\/media\/49"}],"wp:attachment":[{"href":"https:\/\/shop.elisabethpfeiffer.de\/index.php\/wp-json\/wp\/v2\/media?parent=48"}],"wp:term":[{"taxonomy":"product_brand","embeddable":true,"href":"https:\/\/shop.elisabethpfeiffer.de\/index.php\/wp-json\/wp\/v2\/product_brand?post=48"},{"taxonomy":"product_cat","embeddable":true,"href":"https:\/\/shop.elisabethpfeiffer.de\/index.php\/wp-json\/wp\/v2\/product_cat?post=48"},{"taxonomy":"product_tag","embeddable":true,"href":"https:\/\/shop.elisabethpfeiffer.de\/index.php\/wp-json\/wp\/v2\/product_tag?post=48"}],"curies":[{"name":"wp","href":"https:\/\/api.w.org\/{rel}","templated":true}]}}