{"id":253,"date":"2020-04-24T12:11:42","date_gmt":"2020-04-24T12:11:42","guid":{"rendered":"https:\/\/shop.elisabethpfeiffer.de\/?post_type=product&#038;p=253"},"modified":"2024-09-16T10:24:16","modified_gmt":"2024-09-16T10:24:16","slug":"fingerstyle-etueden-fingerstyle-etudes-ebook-pdf-deutsch-english","status":"publish","type":"product","link":"https:\/\/shop.elisabethpfeiffer.de\/index.php\/product\/fingerstyle-etueden-fingerstyle-etudes-ebook-pdf-deutsch-english\/","title":{"rendered":"Fingerstyle Et\u00fcden \/ Fingerstyle Etudes &#8211; ebook (pdf) &#8211; Deutsch\/English"},"content":{"rendered":"<p><em><strong>English below<\/strong><\/em><\/p>\n<p><strong>30 Et\u00fcden f\u00fcr Ukulele solo<\/strong><\/p>\n<p>Pop &amp; Rock Ukulele Fingerstyle Et\u00fcden ist eine Sammlung von 30 Instrumentalst\u00fccken in verschiedenen Schwierigkeitsstufen f\u00fcr Ukulele solo. Jede Et\u00fcde besch\u00e4ftigt sich mit einem bestimmten Zupfmuster, das die Grundlage f\u00fcr stimmungsvolle Musik liefert.<\/p>\n<p><strong>Ausf\u00fchrlicher Anleitungsteil und Anmerkungen zu jeder Et\u00fcde<\/strong><\/p>\n<p>Jede Et\u00fcde gibt es als Noten &amp; Tabulatur, nur Tabulatur und nur Noten (mit Fingers\u00e4tzen). Au\u00dferdem findest du jeweils Griffbilder zum St\u00fcck. Wichtige Techniken werden kurz zu Beginn des Buches erkl\u00e4rt und jede Et\u00fcde wird mit Anmerkungen und \u00dcbetipps erg\u00e4nzt.<\/p>\n<p><strong>Audiodateien und Videos<\/strong><\/p>\n<p>Je ein Video und eine Audiodatei pro Et\u00fcde geben dir einen Eindruck vom Klang und Schwierigkeitsgrad des St\u00fccks.<\/p>\n<p>&nbsp;<\/p>\n<p>&nbsp;<\/p>\n<p><strong><em>30 Etudes for Ukulele solo<\/em><\/strong><\/p>\n<p><em>\u00a0<\/em><em>Pop &amp; Rock Ukulele Fingerstyle Etudes is a collection of 30 instrumental pieces for ukulele solo providing material for the advanced beginner, as well as the advanced player. Each etude is based on a specific picking pattern to provide atmospheric music.<\/em><\/p>\n<p><em>\u00a0<\/em><strong><em>Extensive Instructions and Practice and Performance Notes for every Etude<\/em><\/strong><\/p>\n<p><em>\u00a0<\/em><em>Each etude comes to you in a music &amp; tab version, as well as a tab-only and a music-only version (with fingerings). Additionally, you\u2019ll find helpful chord diagrams for every piece. Fundamental techniques are explained at the beginning of the book and each etude is complemented with practice and performance notes.<\/em><\/p>\n<p><strong><em>\u00a0<\/em><em>Audio and Video<\/em><\/strong><\/p>\n<p><em>\u00a0<\/em><em>One video and audio file for each etude will give you an idea of what sound and interpretation to aim for.<\/em><\/p>\n<p><em>\u00a0<\/em><\/p>\n<p><em>\u00a0<\/em><\/p>\n<p><em>\u00a0<\/em><\/p>\n<p><em>\u00a0<\/em><\/p>\n<p><em>\u00a0<\/em><\/p>\n<p>&nbsp;<\/p>\n","protected":false},"excerpt":{"rendered":"<p>30 Et\u00fcden zu Zupfmustern und Klang<\/p>\n<p><em>30 Fingerstyle Etudes to <\/em><em>Develop your Picking Technique and Sound<\/em><\/p>\n","protected":false},"featured_media":254,"comment_status":"open","ping_status":"closed","template":"","meta":[],"product_brand":[],"product_cat":[92],"product_tag":[],"class_list":{"0":"post-253","1":"product","2":"type-product","3":"status-publish","4":"has-post-thumbnail","6":"product_cat-books-en-de","8":"first","9":"instock","10":"downloadable","11":"virtual","12":"purchasable","13":"product-type-simple"},"jetpack_sharing_enabled":true,"_links":{"self":[{"href":"https:\/\/shop.elisabethpfeiffer.de\/index.php\/wp-json\/wp\/v2\/product\/253","targetHints":{"allow":["GET"]}}],"collection":[{"href":"https:\/\/shop.elisabethpfeiffer.de\/index.php\/wp-json\/wp\/v2\/product"}],"about":[{"href":"https:\/\/shop.elisabethpfeiffer.de\/index.php\/wp-json\/wp\/v2\/types\/product"}],"replies":[{"embeddable":true,"href":"https:\/\/shop.elisabethpfeiffer.de\/index.php\/wp-json\/wp\/v2\/comments?post=253"}],"wp:featuredmedia":[{"embeddable":true,"href":"https:\/\/shop.elisabethpfeiffer.de\/index.php\/wp-json\/wp\/v2\/media\/254"}],"wp:attachment":[{"href":"https:\/\/shop.elisabethpfeiffer.de\/index.php\/wp-json\/wp\/v2\/media?parent=253"}],"wp:term":[{"taxonomy":"product_brand","embeddable":true,"href":"https:\/\/shop.elisabethpfeiffer.de\/index.php\/wp-json\/wp\/v2\/product_brand?post=253"},{"taxonomy":"product_cat","embeddable":true,"href":"https:\/\/shop.elisabethpfeiffer.de\/index.php\/wp-json\/wp\/v2\/product_cat?post=253"},{"taxonomy":"product_tag","embeddable":true,"href":"https:\/\/shop.elisabethpfeiffer.de\/index.php\/wp-json\/wp\/v2\/product_tag?post=253"}],"curies":[{"name":"wp","href":"https:\/\/api.w.org\/{rel}","templated":true}]}}