{"id":1402,"date":"2025-12-10T13:31:53","date_gmt":"2025-12-10T13:31:53","guid":{"rendered":"https:\/\/shop.elisabethpfeiffer.de\/?post_type=product&#038;p=1402"},"modified":"2025-12-10T14:36:58","modified_gmt":"2025-12-10T14:36:58","slug":"become-a-technique-patron","status":"publish","type":"product","link":"https:\/\/shop.elisabethpfeiffer.de\/index.php\/product\/become-a-technique-patron\/","title":{"rendered":"Werde Technik-Pat*in"},"content":{"rendered":"<p><strong>Werde Pat*in<\/strong><\/p>\n<p>Unterst\u00fctze die laufende Forschung und Dokumentation weltweiter Ukuleletechnik, indem du <em>Technik-Pat*in im <a href=\"https:\/\/ukuleletechnique.online\/\">Ukulele Technique Compendium <\/a><\/em>wirst. Als Pat*in kannst du eine bestimmte Technik sponsern, und, wenn du m\u00f6chtest, kannst du sie sogar selbst aus der aktuellen Taxonomie oder aus kommenden Erg\u00e4nzungen ausw\u00e4hlen.<\/p>\n<p>Deine Unterst\u00fctzung wird auf drei Arten sichtbar gemacht:<\/p>\n<ul>\n<li><strong> Dein Name erscheint in den Danksagungen<\/strong> des Compendiums \u2013 als Anerkennung f\u00fcr deinen Beitrag zur Erforschung und Bewahrung der Ukulelentechnik.<\/li>\n<li><strong> Dein Name steht direkt bei der Technik<\/strong>, die du unterst\u00fctzt.<\/li>\n<li><strong> Und: Die Technik wird nach dir benannt!<\/strong> Ganz wie bei den gro\u00dfen Entdecker*innen bekommst du deine eigene Technik. Beispiel: <em>Elisabeth Pfeiffer \u2013 motus pfeifferiensis<\/em>.<\/li>\n<\/ul>\n<p><em>Technik-Pat*in<\/em> zu werden ist eine sch\u00f6ne M\u00f6glichkeit, musik\u00adwissenschaftliche Arbeit zu f\u00f6rdern, deine Verbundenheit zur Ukulele zu feiern oder jemandem aus der Ukulele-Community eine besondere Freude zu machen.<\/p>\n<p><strong>Unterst\u00fctze eine Technik. Gestalte das Archiv mit. Werde Teil des Ganzen.<\/strong><\/p>\n","protected":false},"excerpt":{"rendered":"<p><strong>Werde Pat*in im <a href=\"https:\/\/ukuleletechnique.online\/\">Ukulele Technique Compendium<\/a>!<\/strong><\/p>\n","protected":false},"featured_media":1405,"comment_status":"closed","ping_status":"closed","template":"","meta":[],"product_brand":[],"product_cat":[92,116],"product_tag":[],"class_list":{"0":"post-1402","1":"product","2":"type-product","3":"status-publish","4":"has-post-thumbnail","6":"product_cat-books-en-de","7":"product_cat-workshop-en-de","9":"first","10":"instock","11":"virtual","12":"purchasable","13":"product-type-simple"},"jetpack_sharing_enabled":true,"_links":{"self":[{"href":"https:\/\/shop.elisabethpfeiffer.de\/index.php\/wp-json\/wp\/v2\/product\/1402","targetHints":{"allow":["GET"]}}],"collection":[{"href":"https:\/\/shop.elisabethpfeiffer.de\/index.php\/wp-json\/wp\/v2\/product"}],"about":[{"href":"https:\/\/shop.elisabethpfeiffer.de\/index.php\/wp-json\/wp\/v2\/types\/product"}],"replies":[{"embeddable":true,"href":"https:\/\/shop.elisabethpfeiffer.de\/index.php\/wp-json\/wp\/v2\/comments?post=1402"}],"wp:featuredmedia":[{"embeddable":true,"href":"https:\/\/shop.elisabethpfeiffer.de\/index.php\/wp-json\/wp\/v2\/media\/1405"}],"wp:attachment":[{"href":"https:\/\/shop.elisabethpfeiffer.de\/index.php\/wp-json\/wp\/v2\/media?parent=1402"}],"wp:term":[{"taxonomy":"product_brand","embeddable":true,"href":"https:\/\/shop.elisabethpfeiffer.de\/index.php\/wp-json\/wp\/v2\/product_brand?post=1402"},{"taxonomy":"product_cat","embeddable":true,"href":"https:\/\/shop.elisabethpfeiffer.de\/index.php\/wp-json\/wp\/v2\/product_cat?post=1402"},{"taxonomy":"product_tag","embeddable":true,"href":"https:\/\/shop.elisabethpfeiffer.de\/index.php\/wp-json\/wp\/v2\/product_tag?post=1402"}],"curies":[{"name":"wp","href":"https:\/\/api.w.org\/{rel}","templated":true}]}}